{"id":23,"date":"2023-09-14T11:18:43","date_gmt":"2023-09-14T09:18:43","guid":{"rendered":"https:\/\/www.arvanwebdesign.fr\/sovedatboutique\/mon-compte\/"},"modified":"2023-11-20T14:20:16","modified_gmt":"2023-11-20T13:20:16","slug":"mon-compte","status":"publish","type":"page","link":"https:\/\/www.arvanwebdesign.fr\/sovedatboutique\/mon-compte\/","title":{"rendered":"Mon compte"},"content":{"rendered":"\n[et_pb_section fb_built=\u00a0\u00bb1&Prime; admin_label=\u00a0\u00bbsection\u00a0\u00bb _builder_version=\u00a0\u00bb4.22.1&Prime; hover_enabled=\u00a0\u00bb0&Prime; global_colors_info=\u00a0\u00bb{}\u00a0\u00bb custom_margin=\u00a0\u00bb||||false|false\u00a0\u00bb sticky_enabled=\u00a0\u00bb0&Prime; custom_padding=\u00a0\u00bb2px||4px|||\u00a0\u00bb custom_margin_last_edited=\u00a0\u00bbon|phone\u00a0\u00bb custom_margin_tablet=\u00a0\u00bb-50px||||false|false\u00a0\u00bb custom_margin_phone=\u00a0\u00bb-50px||||false|false\u00a0\u00bb][et_pb_row admin_label=\u00a0\u00bbrow\u00a0\u00bb _builder_version=\u00a0\u00bb4.16&Prime; background_size=\u00a0\u00bbinitial\u00a0\u00bb background_position=\u00a0\u00bbtop_left\u00a0\u00bb background_repeat=\u00a0\u00bbrepeat\u00a0\u00bb global_colors_info=\u00a0\u00bb{}\u00a0\u00bb][et_pb_column type=\u00a0\u00bb4_4&Prime; _builder_version=\u00a0\u00bb4.16&Prime; custom_padding=\u00a0\u00bb|||\u00a0\u00bb global_colors_info=\u00a0\u00bb{}\u00a0\u00bb custom_padding__hover=\u00a0\u00bb|||\u00a0\u00bb][et_pb_text admin_label=\u00a0\u00bbText\u00a0\u00bb _builder_version=\u00a0\u00bb4.16&Prime; background_size=\u00a0\u00bbinitial\u00a0\u00bb background_position=\u00a0\u00bbtop_left\u00a0\u00bb background_repeat=\u00a0\u00bbrepeat\u00a0\u00bb hover_enabled=\u00a0\u00bb0&Prime; global_colors_info=\u00a0\u00bb{}\u00a0\u00bb sticky_enabled=\u00a0\u00bb0&Prime;]<p><!-- divi:shortcode --><div class=\"woocommerce\"><\/div><!-- \/divi:shortcode --><\/p>\n[\/et_pb_text][\/et_pb_column][\/et_pb_row][\/et_pb_section]\n","protected":false},"excerpt":{"rendered":"<p>&#8230;<\/p>\n","protected":false},"author":1,"featured_media":0,"parent":0,"menu_order":0,"comment_status":"closed","ping_status":"closed","template":"","meta":{"_et_pb_use_builder":"on","_et_pb_old_content":"<!-- wp:shortcode -->[woocommerce_my_account]<!-- \/wp:shortcode -->","_et_gb_content_width":"","site-sidebar-layout":"default","site-content-layout":"","ast-site-content-layout":"","site-content-style":"default","site-sidebar-style":"default","ast-global-header-display":"","ast-banner-title-visibility":"","ast-main-header-display":"","ast-hfb-above-header-display":"","ast-hfb-below-header-display":"","ast-hfb-mobile-header-display":"","site-post-title":"","ast-breadcrumbs-content":"","ast-featured-img":"","footer-sml-layout":"","theme-transparent-header-meta":"","adv-header-id-meta":"","stick-header-meta":"","header-above-stick-meta":"","header-main-stick-meta":"","header-below-stick-meta":"","astra-migrate-meta-layouts":"","ast-page-background-enabled":"default","ast-page-background-meta":{"desktop":{"background-color":"var(--ast-global-color-4)","background-image":"","background-repeat":"repeat","background-position":"center center","background-size":"auto","background-attachment":"scroll","background-type":"","background-media":"","overlay-type":"","overlay-color":"","overlay-gradient":""},"tablet":{"background-color":"","background-image":"","background-repeat":"repeat","background-position":"center center","background-size":"auto","background-attachment":"scroll","background-type":"","background-media":"","overlay-type":"","overlay-color":"","overlay-gradient":""},"mobile":{"background-color":"","background-image":"","background-repeat":"repeat","background-position":"center center","background-size":"auto","background-attachment":"scroll","background-type":"","background-media":"","overlay-type":"","overlay-color":"","overlay-gradient":""}},"ast-content-background-meta":{"desktop":{"background-color":"var(--ast-global-color-5)","background-image":"","background-repeat":"repeat","background-position":"center center","background-size":"auto","background-attachment":"scroll","background-type":"","background-media":"","overlay-type":"","overlay-color":"","overlay-gradient":""},"tablet":{"background-color":"var(--ast-global-color-5)","background-image":"","background-repeat":"repeat","background-position":"center center","background-size":"auto","background-attachment":"scroll","background-type":"","background-media":"","overlay-type":"","overlay-color":"","overlay-gradient":""},"mobile":{"background-color":"var(--ast-global-color-5)","background-image":"","background-repeat":"repeat","background-position":"center center","background-size":"auto","background-attachment":"scroll","background-type":"","background-media":"","overlay-type":"","overlay-color":"","overlay-gradient":""}},"jetpack_post_was_ever_published":false,"footnotes":""},"class_list":["post-23","page","type-page","status-publish","hentry"],"yoast_head":"<!-- This site is optimized with the Yoast SEO plugin v22.6 - https:\/\/yoast.com\/wordpress\/plugins\/seo\/ -->\n<title>Mon compte - Sov\u00e9dat<\/title>\n<meta name=\"description\" content=\"Cette page centrale est votre espace d\u00e9di\u00e9 pour g\u00e9rer vos informations, suivre vos commandes et explorer des fonctionnalit\u00e9s exclusives.\" \/>\n<meta name=\"robots\" content=\"noindex, follow, max-snippet:-1, max-image-preview:large, max-video-preview:-1\" \/>\n<meta property=\"og:locale\" content=\"fr_FR\" \/>\n<meta property=\"og:type\" content=\"article\" \/>\n<meta property=\"og:title\" content=\"Mon compte - Sov\u00e9dat\" \/>\n<meta property=\"og:description\" content=\"Cette page centrale est votre espace d\u00e9di\u00e9 pour g\u00e9rer vos informations, suivre vos commandes et explorer des fonctionnalit\u00e9s exclusives.\" \/>\n<meta property=\"og:url\" content=\"https:\/\/www.arvanwebdesign.fr\/sovedatboutique\/mon-compte\/\" \/>\n<meta property=\"og:site_name\" content=\"Sov\u00e9dat\" \/>\n<meta property=\"article:modified_time\" content=\"2023-11-20T13:20:16+00:00\" \/>\n<meta name=\"twitter:card\" content=\"summary_large_image\" \/>\n<meta name=\"twitter:label1\" content=\"Dur\u00e9e de lecture estim\u00e9e\" \/>\n\t<meta name=\"twitter:data1\" content=\"1 minute\" \/>\n<script type=\"application\/ld+json\" class=\"yoast-schema-graph\">{\"@context\":\"https:\/\/schema.org\",\"@graph\":[{\"@type\":\"WebPage\",\"@id\":\"https:\/\/www.arvanwebdesign.fr\/sovedatboutique\/mon-compte\/\",\"url\":\"https:\/\/www.arvanwebdesign.fr\/sovedatboutique\/mon-compte\/\",\"name\":\"Mon compte - Sov\u00e9dat\",\"isPartOf\":{\"@id\":\"https:\/\/www.arvanwebdesign.fr\/sovedatboutique\/#website\"},\"datePublished\":\"2023-09-14T09:18:43+00:00\",\"dateModified\":\"2023-11-20T13:20:16+00:00\",\"description\":\"Cette page centrale est votre espace d\u00e9di\u00e9 pour g\u00e9rer vos informations, suivre vos commandes et explorer des fonctionnalit\u00e9s exclusives.\",\"breadcrumb\":{\"@id\":\"https:\/\/www.arvanwebdesign.fr\/sovedatboutique\/mon-compte\/#breadcrumb\"},\"inLanguage\":\"fr-FR\",\"potentialAction\":[{\"@type\":\"ReadAction\",\"target\":[\"https:\/\/www.arvanwebdesign.fr\/sovedatboutique\/mon-compte\/\"]}]},{\"@type\":\"BreadcrumbList\",\"@id\":\"https:\/\/www.arvanwebdesign.fr\/sovedatboutique\/mon-compte\/#breadcrumb\",\"itemListElement\":[{\"@type\":\"ListItem\",\"position\":1,\"name\":\"Accueil\",\"item\":\"https:\/\/www.arvanwebdesign.fr\/sovedatboutique\/\"},{\"@type\":\"ListItem\",\"position\":2,\"name\":\"Mon compte\"}]},{\"@type\":\"WebSite\",\"@id\":\"https:\/\/www.arvanwebdesign.fr\/sovedatboutique\/#website\",\"url\":\"https:\/\/www.arvanwebdesign.fr\/sovedatboutique\/\",\"name\":\"Sov\u00e9dat\",\"description\":\"\",\"publisher\":{\"@id\":\"https:\/\/www.arvanwebdesign.fr\/sovedatboutique\/#organization\"},\"potentialAction\":[{\"@type\":\"SearchAction\",\"target\":{\"@type\":\"EntryPoint\",\"urlTemplate\":\"https:\/\/www.arvanwebdesign.fr\/sovedatboutique\/?s={search_term_string}\"},\"query-input\":\"required name=search_term_string\"}],\"inLanguage\":\"fr-FR\"},{\"@type\":\"Organization\",\"@id\":\"https:\/\/www.arvanwebdesign.fr\/sovedatboutique\/#organization\",\"name\":\"Sov\u00e9dat\",\"url\":\"https:\/\/www.arvanwebdesign.fr\/sovedatboutique\/\",\"logo\":{\"@type\":\"ImageObject\",\"inLanguage\":\"fr-FR\",\"@id\":\"https:\/\/www.arvanwebdesign.fr\/sovedatboutique\/#\/schema\/logo\/image\/\",\"url\":\"https:\/\/www.arvanwebdesign.fr\/sovedatboutique\/wp-content\/uploads\/2023\/10\/cropped-logo-SOVEDAT-blanc.png\",\"contentUrl\":\"https:\/\/www.arvanwebdesign.fr\/sovedatboutique\/wp-content\/uploads\/2023\/10\/cropped-logo-SOVEDAT-blanc.png\",\"width\":377,\"height\":63,\"caption\":\"Sov\u00e9dat\"},\"image\":{\"@id\":\"https:\/\/www.arvanwebdesign.fr\/sovedatboutique\/#\/schema\/logo\/image\/\"}}]}<\/script>\n<!-- \/ Yoast SEO plugin. -->","yoast_head_json":{"title":"Mon compte - Sov\u00e9dat","description":"Cette page centrale est votre espace d\u00e9di\u00e9 pour g\u00e9rer vos informations, suivre vos commandes et explorer des fonctionnalit\u00e9s exclusives.","robots":{"index":"noindex","follow":"follow","max-snippet":"max-snippet:-1","max-image-preview":"max-image-preview:large","max-video-preview":"max-video-preview:-1"},"og_locale":"fr_FR","og_type":"article","og_title":"Mon compte - Sov\u00e9dat","og_description":"Cette page centrale est votre espace d\u00e9di\u00e9 pour g\u00e9rer vos informations, suivre vos commandes et explorer des fonctionnalit\u00e9s exclusives.","og_url":"https:\/\/www.arvanwebdesign.fr\/sovedatboutique\/mon-compte\/","og_site_name":"Sov\u00e9dat","article_modified_time":"2023-11-20T13:20:16+00:00","twitter_card":"summary_large_image","twitter_misc":{"Dur\u00e9e de lecture estim\u00e9e":"1 minute"},"schema":{"@context":"https:\/\/schema.org","@graph":[{"@type":"WebPage","@id":"https:\/\/www.arvanwebdesign.fr\/sovedatboutique\/mon-compte\/","url":"https:\/\/www.arvanwebdesign.fr\/sovedatboutique\/mon-compte\/","name":"Mon compte - Sov\u00e9dat","isPartOf":{"@id":"https:\/\/www.arvanwebdesign.fr\/sovedatboutique\/#website"},"datePublished":"2023-09-14T09:18:43+00:00","dateModified":"2023-11-20T13:20:16+00:00","description":"Cette page centrale est votre espace d\u00e9di\u00e9 pour g\u00e9rer vos informations, suivre vos commandes et explorer des fonctionnalit\u00e9s exclusives.","breadcrumb":{"@id":"https:\/\/www.arvanwebdesign.fr\/sovedatboutique\/mon-compte\/#breadcrumb"},"inLanguage":"fr-FR","potentialAction":[{"@type":"ReadAction","target":["https:\/\/www.arvanwebdesign.fr\/sovedatboutique\/mon-compte\/"]}]},{"@type":"BreadcrumbList","@id":"https:\/\/www.arvanwebdesign.fr\/sovedatboutique\/mon-compte\/#breadcrumb","itemListElement":[{"@type":"ListItem","position":1,"name":"Accueil","item":"https:\/\/www.arvanwebdesign.fr\/sovedatboutique\/"},{"@type":"ListItem","position":2,"name":"Mon compte"}]},{"@type":"WebSite","@id":"https:\/\/www.arvanwebdesign.fr\/sovedatboutique\/#website","url":"https:\/\/www.arvanwebdesign.fr\/sovedatboutique\/","name":"Sov\u00e9dat","description":"","publisher":{"@id":"https:\/\/www.arvanwebdesign.fr\/sovedatboutique\/#organization"},"potentialAction":[{"@type":"SearchAction","target":{"@type":"EntryPoint","urlTemplate":"https:\/\/www.arvanwebdesign.fr\/sovedatboutique\/?s={search_term_string}"},"query-input":"required name=search_term_string"}],"inLanguage":"fr-FR"},{"@type":"Organization","@id":"https:\/\/www.arvanwebdesign.fr\/sovedatboutique\/#organization","name":"Sov\u00e9dat","url":"https:\/\/www.arvanwebdesign.fr\/sovedatboutique\/","logo":{"@type":"ImageObject","inLanguage":"fr-FR","@id":"https:\/\/www.arvanwebdesign.fr\/sovedatboutique\/#\/schema\/logo\/image\/","url":"https:\/\/www.arvanwebdesign.fr\/sovedatboutique\/wp-content\/uploads\/2023\/10\/cropped-logo-SOVEDAT-blanc.png","contentUrl":"https:\/\/www.arvanwebdesign.fr\/sovedatboutique\/wp-content\/uploads\/2023\/10\/cropped-logo-SOVEDAT-blanc.png","width":377,"height":63,"caption":"Sov\u00e9dat"},"image":{"@id":"https:\/\/www.arvanwebdesign.fr\/sovedatboutique\/#\/schema\/logo\/image\/"}}]}},"jetpack_sharing_enabled":true,"_links":{"self":[{"href":"https:\/\/www.arvanwebdesign.fr\/sovedatboutique\/wp-json\/wp\/v2\/pages\/23","targetHints":{"allow":["GET"]}}],"collection":[{"href":"https:\/\/www.arvanwebdesign.fr\/sovedatboutique\/wp-json\/wp\/v2\/pages"}],"about":[{"href":"https:\/\/www.arvanwebdesign.fr\/sovedatboutique\/wp-json\/wp\/v2\/types\/page"}],"author":[{"embeddable":true,"href":"https:\/\/www.arvanwebdesign.fr\/sovedatboutique\/wp-json\/wp\/v2\/users\/1"}],"replies":[{"embeddable":true,"href":"https:\/\/www.arvanwebdesign.fr\/sovedatboutique\/wp-json\/wp\/v2\/comments?post=23"}],"version-history":[{"count":0,"href":"https:\/\/www.arvanwebdesign.fr\/sovedatboutique\/wp-json\/wp\/v2\/pages\/23\/revisions"}],"wp:attachment":[{"href":"https:\/\/www.arvanwebdesign.fr\/sovedatboutique\/wp-json\/wp\/v2\/media?parent=23"}],"curies":[{"name":"wp","href":"https:\/\/api.w.org\/{rel}","templated":true}]}}