{"id":1272,"date":"2023-10-30T16:14:06","date_gmt":"2023-10-30T15:14:06","guid":{"rendered":"https:\/\/www.arvanwebdesign.fr\/sovedatboutique\/?post_type=product&#038;p=1272"},"modified":"2023-11-30T00:07:19","modified_gmt":"2023-11-29T23:07:19","slug":"mon-bijoux-personnalise","status":"publish","type":"product","link":"https:\/\/www.arvanwebdesign.fr\/sovedatboutique\/produit\/mon-bijoux-personnalise\/","title":{"rendered":"Je personnalise mon bijoux"},"content":{"rendered":"<p>Veuillez ins\u00e9rer le nom pour lequel vous souhaitez avoir un collier unique et personnalis\u00e9. Nos graphistes vous enverront un mail sous 24h contenant l\u2019aper\u00e7u de votre pendentif.<\/p>\n","protected":false},"excerpt":{"rendered":"<p>Veuillez ins\u00e9rer le nom pour lequel vous souhaitez avoir un collier unique et personnalis\u00e9. Nos graphistes vous enverront un mail sous 24h contenant l\u2019aper\u00e7u de votre pendentif.<\/p>\n","protected":false},"featured_media":1899,"template":"","meta":{"_et_pb_use_builder":"","_et_pb_old_content":"","_et_gb_content_width":"","site-sidebar-layout":"default","site-content-layout":"","ast-site-content-layout":"default","site-content-style":"default","site-sidebar-style":"default","ast-global-header-display":"","ast-banner-title-visibility":"","ast-main-header-display":"","ast-hfb-above-header-display":"","ast-hfb-below-header-display":"","ast-hfb-mobile-header-display":"","site-post-title":"","ast-breadcrumbs-content":"","ast-featured-img":"","footer-sml-layout":"","theme-transparent-header-meta":"default","adv-header-id-meta":"","stick-header-meta":"","header-above-stick-meta":"","header-main-stick-meta":"","header-below-stick-meta":"","astra-migrate-meta-layouts":"set","ast-page-background-enabled":"default","ast-page-background-meta":{"desktop":{"background-color":"var(--ast-global-color-4)","background-image":"","background-repeat":"repeat","background-position":"center center","background-size":"auto","background-attachment":"scroll","background-type":"","background-media":"","overlay-type":"","overlay-color":"","overlay-gradient":""},"tablet":{"background-color":"","background-image":"","background-repeat":"repeat","background-position":"center center","background-size":"auto","background-attachment":"scroll","background-type":"","background-media":"","overlay-type":"","overlay-color":"","overlay-gradient":""},"mobile":{"background-color":"","background-image":"","background-repeat":"repeat","background-position":"center center","background-size":"auto","background-attachment":"scroll","background-type":"","background-media":"","overlay-type":"","overlay-color":"","overlay-gradient":""}},"ast-content-background-meta":{"desktop":{"background-color":"var(--ast-global-color-5)","background-image":"","background-repeat":"repeat","background-position":"center center","background-size":"auto","background-attachment":"scroll","background-type":"","background-media":"","overlay-type":"","overlay-color":"","overlay-gradient":""},"tablet":{"background-color":"var(--ast-global-color-5)","background-image":"","background-repeat":"repeat","background-position":"center center","background-size":"auto","background-attachment":"scroll","background-type":"","background-media":"","overlay-type":"","overlay-color":"","overlay-gradient":""},"mobile":{"background-color":"var(--ast-global-color-5)","background-image":"","background-repeat":"repeat","background-position":"center center","background-size":"auto","background-attachment":"scroll","background-type":"","background-media":"","overlay-type":"","overlay-color":"","overlay-gradient":""}},"jetpack_post_was_ever_published":false},"product_cat":[33],"product_tag":[],"class_list":{"0":"post-1272","1":"product","2":"type-product","3":"status-publish","4":"has-post-thumbnail","6":"product_cat-bijoux-personnalises","7":"desktop-align-left","8":"tablet-align-left","9":"mobile-align-left","11":"first","12":"instock","13":"taxable","14":"shipping-taxable","15":"purchasable","16":"product-type-simple","17":"add-to-wishlist-before_image"},"yoast_head":"<!-- This site is optimized with the Yoast SEO plugin v22.6 - https:\/\/yoast.com\/wordpress\/plugins\/seo\/ -->\n<title>Je personnalise mon bijoux - Sov\u00e9dat<\/title>\n<meta name=\"description\" content=\"D\u00e9couvrez l&#039;art de l&#039;expression personnelle chez Sov\u00e9dat avec notre page &#039;Je Personnalise Mon Bijou&#039;.\" \/>\n<meta name=\"robots\" content=\"noindex, follow, max-snippet:-1, max-image-preview:large, max-video-preview:-1\" \/>\n<meta property=\"og:locale\" content=\"fr_FR\" \/>\n<meta property=\"og:type\" content=\"article\" \/>\n<meta property=\"og:title\" content=\"Je personnalise mon bijoux - Sov\u00e9dat\" \/>\n<meta property=\"og:description\" content=\"D\u00e9couvrez l&#039;art de l&#039;expression personnelle chez Sov\u00e9dat avec notre page &#039;Je Personnalise Mon Bijou&#039;.\" \/>\n<meta property=\"og:url\" content=\"https:\/\/www.arvanwebdesign.fr\/sovedatboutique\/produit\/mon-bijoux-personnalise\/\" \/>\n<meta property=\"og:site_name\" content=\"Sov\u00e9dat\" \/>\n<meta property=\"article:modified_time\" content=\"2023-11-29T23:07:19+00:00\" \/>\n<meta property=\"og:image\" content=\"https:\/\/www.arvanwebdesign.fr\/sovedatboutique\/wp-content\/uploads\/2023\/10\/Bijoux-personnalise-1.png\" \/>\n\t<meta property=\"og:image:width\" content=\"1000\" \/>\n\t<meta property=\"og:image:height\" content=\"878\" \/>\n\t<meta property=\"og:image:type\" content=\"image\/png\" \/>\n<meta name=\"twitter:card\" content=\"summary_large_image\" \/>\n<meta name=\"twitter:label1\" content=\"Dur\u00e9e de lecture estim\u00e9e\" \/>\n\t<meta name=\"twitter:data1\" content=\"1 minute\" \/>\n<script type=\"application\/ld+json\" class=\"yoast-schema-graph\">{\"@context\":\"https:\/\/schema.org\",\"@graph\":[{\"@type\":\"WebPage\",\"@id\":\"https:\/\/www.arvanwebdesign.fr\/sovedatboutique\/produit\/mon-bijoux-personnalise\/\",\"url\":\"https:\/\/www.arvanwebdesign.fr\/sovedatboutique\/produit\/mon-bijoux-personnalise\/\",\"name\":\"Je personnalise mon bijoux - Sov\u00e9dat\",\"isPartOf\":{\"@id\":\"https:\/\/www.arvanwebdesign.fr\/sovedatboutique\/#website\"},\"primaryImageOfPage\":{\"@id\":\"https:\/\/www.arvanwebdesign.fr\/sovedatboutique\/produit\/mon-bijoux-personnalise\/#primaryimage\"},\"image\":{\"@id\":\"https:\/\/www.arvanwebdesign.fr\/sovedatboutique\/produit\/mon-bijoux-personnalise\/#primaryimage\"},\"thumbnailUrl\":\"https:\/\/www.arvanwebdesign.fr\/sovedatboutique\/wp-content\/uploads\/2023\/10\/Bijoux-personnalise-1.png\",\"datePublished\":\"2023-10-30T15:14:06+00:00\",\"dateModified\":\"2023-11-29T23:07:19+00:00\",\"description\":\"D\u00e9couvrez l'art de l'expression personnelle chez Sov\u00e9dat avec notre page 'Je Personnalise Mon Bijou'.\",\"breadcrumb\":{\"@id\":\"https:\/\/www.arvanwebdesign.fr\/sovedatboutique\/produit\/mon-bijoux-personnalise\/#breadcrumb\"},\"inLanguage\":\"fr-FR\",\"potentialAction\":[{\"@type\":\"ReadAction\",\"target\":[\"https:\/\/www.arvanwebdesign.fr\/sovedatboutique\/produit\/mon-bijoux-personnalise\/\"]}]},{\"@type\":\"ImageObject\",\"inLanguage\":\"fr-FR\",\"@id\":\"https:\/\/www.arvanwebdesign.fr\/sovedatboutique\/produit\/mon-bijoux-personnalise\/#primaryimage\",\"url\":\"https:\/\/www.arvanwebdesign.fr\/sovedatboutique\/wp-content\/uploads\/2023\/10\/Bijoux-personnalise-1.png\",\"contentUrl\":\"https:\/\/www.arvanwebdesign.fr\/sovedatboutique\/wp-content\/uploads\/2023\/10\/Bijoux-personnalise-1.png\",\"width\":1000,\"height\":878,\"caption\":\"Pendentif personnalis\u00e9\"},{\"@type\":\"BreadcrumbList\",\"@id\":\"https:\/\/www.arvanwebdesign.fr\/sovedatboutique\/produit\/mon-bijoux-personnalise\/#breadcrumb\",\"itemListElement\":[{\"@type\":\"ListItem\",\"position\":1,\"name\":\"Accueil\",\"item\":\"https:\/\/www.arvanwebdesign.fr\/sovedatboutique\/\"},{\"@type\":\"ListItem\",\"position\":2,\"name\":\"Produits\",\"item\":\"https:\/\/www.arvanwebdesign.fr\/sovedatboutique\/boutique\/\"},{\"@type\":\"ListItem\",\"position\":3,\"name\":\"Je personnalise mon bijoux\"}]},{\"@type\":\"WebSite\",\"@id\":\"https:\/\/www.arvanwebdesign.fr\/sovedatboutique\/#website\",\"url\":\"https:\/\/www.arvanwebdesign.fr\/sovedatboutique\/\",\"name\":\"Sov\u00e9dat\",\"description\":\"\",\"publisher\":{\"@id\":\"https:\/\/www.arvanwebdesign.fr\/sovedatboutique\/#organization\"},\"potentialAction\":[{\"@type\":\"SearchAction\",\"target\":{\"@type\":\"EntryPoint\",\"urlTemplate\":\"https:\/\/www.arvanwebdesign.fr\/sovedatboutique\/?s={search_term_string}\"},\"query-input\":\"required name=search_term_string\"}],\"inLanguage\":\"fr-FR\"},{\"@type\":\"Organization\",\"@id\":\"https:\/\/www.arvanwebdesign.fr\/sovedatboutique\/#organization\",\"name\":\"Sov\u00e9dat\",\"url\":\"https:\/\/www.arvanwebdesign.fr\/sovedatboutique\/\",\"logo\":{\"@type\":\"ImageObject\",\"inLanguage\":\"fr-FR\",\"@id\":\"https:\/\/www.arvanwebdesign.fr\/sovedatboutique\/#\/schema\/logo\/image\/\",\"url\":\"https:\/\/www.arvanwebdesign.fr\/sovedatboutique\/wp-content\/uploads\/2023\/10\/cropped-logo-SOVEDAT-blanc.png\",\"contentUrl\":\"https:\/\/www.arvanwebdesign.fr\/sovedatboutique\/wp-content\/uploads\/2023\/10\/cropped-logo-SOVEDAT-blanc.png\",\"width\":377,\"height\":63,\"caption\":\"Sov\u00e9dat\"},\"image\":{\"@id\":\"https:\/\/www.arvanwebdesign.fr\/sovedatboutique\/#\/schema\/logo\/image\/\"}}]}<\/script>\n<!-- \/ Yoast SEO plugin. -->","yoast_head_json":{"title":"Je personnalise mon bijoux - Sov\u00e9dat","description":"D\u00e9couvrez l'art de l'expression personnelle chez Sov\u00e9dat avec notre page 'Je Personnalise Mon Bijou'.","robots":{"index":"noindex","follow":"follow","max-snippet":"max-snippet:-1","max-image-preview":"max-image-preview:large","max-video-preview":"max-video-preview:-1"},"og_locale":"fr_FR","og_type":"article","og_title":"Je personnalise mon bijoux - Sov\u00e9dat","og_description":"D\u00e9couvrez l'art de l'expression personnelle chez Sov\u00e9dat avec notre page 'Je Personnalise Mon Bijou'.","og_url":"https:\/\/www.arvanwebdesign.fr\/sovedatboutique\/produit\/mon-bijoux-personnalise\/","og_site_name":"Sov\u00e9dat","article_modified_time":"2023-11-29T23:07:19+00:00","og_image":[{"width":1000,"height":878,"url":"https:\/\/www.arvanwebdesign.fr\/sovedatboutique\/wp-content\/uploads\/2023\/10\/Bijoux-personnalise-1.png","type":"image\/png"}],"twitter_card":"summary_large_image","twitter_misc":{"Dur\u00e9e de lecture estim\u00e9e":"1 minute"},"schema":{"@context":"https:\/\/schema.org","@graph":[{"@type":"WebPage","@id":"https:\/\/www.arvanwebdesign.fr\/sovedatboutique\/produit\/mon-bijoux-personnalise\/","url":"https:\/\/www.arvanwebdesign.fr\/sovedatboutique\/produit\/mon-bijoux-personnalise\/","name":"Je personnalise mon bijoux - Sov\u00e9dat","isPartOf":{"@id":"https:\/\/www.arvanwebdesign.fr\/sovedatboutique\/#website"},"primaryImageOfPage":{"@id":"https:\/\/www.arvanwebdesign.fr\/sovedatboutique\/produit\/mon-bijoux-personnalise\/#primaryimage"},"image":{"@id":"https:\/\/www.arvanwebdesign.fr\/sovedatboutique\/produit\/mon-bijoux-personnalise\/#primaryimage"},"thumbnailUrl":"https:\/\/www.arvanwebdesign.fr\/sovedatboutique\/wp-content\/uploads\/2023\/10\/Bijoux-personnalise-1.png","datePublished":"2023-10-30T15:14:06+00:00","dateModified":"2023-11-29T23:07:19+00:00","description":"D\u00e9couvrez l'art de l'expression personnelle chez Sov\u00e9dat avec notre page 'Je Personnalise Mon Bijou'.","breadcrumb":{"@id":"https:\/\/www.arvanwebdesign.fr\/sovedatboutique\/produit\/mon-bijoux-personnalise\/#breadcrumb"},"inLanguage":"fr-FR","potentialAction":[{"@type":"ReadAction","target":["https:\/\/www.arvanwebdesign.fr\/sovedatboutique\/produit\/mon-bijoux-personnalise\/"]}]},{"@type":"ImageObject","inLanguage":"fr-FR","@id":"https:\/\/www.arvanwebdesign.fr\/sovedatboutique\/produit\/mon-bijoux-personnalise\/#primaryimage","url":"https:\/\/www.arvanwebdesign.fr\/sovedatboutique\/wp-content\/uploads\/2023\/10\/Bijoux-personnalise-1.png","contentUrl":"https:\/\/www.arvanwebdesign.fr\/sovedatboutique\/wp-content\/uploads\/2023\/10\/Bijoux-personnalise-1.png","width":1000,"height":878,"caption":"Pendentif personnalis\u00e9"},{"@type":"BreadcrumbList","@id":"https:\/\/www.arvanwebdesign.fr\/sovedatboutique\/produit\/mon-bijoux-personnalise\/#breadcrumb","itemListElement":[{"@type":"ListItem","position":1,"name":"Accueil","item":"https:\/\/www.arvanwebdesign.fr\/sovedatboutique\/"},{"@type":"ListItem","position":2,"name":"Produits","item":"https:\/\/www.arvanwebdesign.fr\/sovedatboutique\/boutique\/"},{"@type":"ListItem","position":3,"name":"Je personnalise mon bijoux"}]},{"@type":"WebSite","@id":"https:\/\/www.arvanwebdesign.fr\/sovedatboutique\/#website","url":"https:\/\/www.arvanwebdesign.fr\/sovedatboutique\/","name":"Sov\u00e9dat","description":"","publisher":{"@id":"https:\/\/www.arvanwebdesign.fr\/sovedatboutique\/#organization"},"potentialAction":[{"@type":"SearchAction","target":{"@type":"EntryPoint","urlTemplate":"https:\/\/www.arvanwebdesign.fr\/sovedatboutique\/?s={search_term_string}"},"query-input":"required name=search_term_string"}],"inLanguage":"fr-FR"},{"@type":"Organization","@id":"https:\/\/www.arvanwebdesign.fr\/sovedatboutique\/#organization","name":"Sov\u00e9dat","url":"https:\/\/www.arvanwebdesign.fr\/sovedatboutique\/","logo":{"@type":"ImageObject","inLanguage":"fr-FR","@id":"https:\/\/www.arvanwebdesign.fr\/sovedatboutique\/#\/schema\/logo\/image\/","url":"https:\/\/www.arvanwebdesign.fr\/sovedatboutique\/wp-content\/uploads\/2023\/10\/cropped-logo-SOVEDAT-blanc.png","contentUrl":"https:\/\/www.arvanwebdesign.fr\/sovedatboutique\/wp-content\/uploads\/2023\/10\/cropped-logo-SOVEDAT-blanc.png","width":377,"height":63,"caption":"Sov\u00e9dat"},"image":{"@id":"https:\/\/www.arvanwebdesign.fr\/sovedatboutique\/#\/schema\/logo\/image\/"}}]}},"jetpack_sharing_enabled":true,"_links":{"self":[{"href":"https:\/\/www.arvanwebdesign.fr\/sovedatboutique\/wp-json\/wp\/v2\/product\/1272","targetHints":{"allow":["GET"]}}],"collection":[{"href":"https:\/\/www.arvanwebdesign.fr\/sovedatboutique\/wp-json\/wp\/v2\/product"}],"about":[{"href":"https:\/\/www.arvanwebdesign.fr\/sovedatboutique\/wp-json\/wp\/v2\/types\/product"}],"wp:featuredmedia":[{"embeddable":true,"href":"https:\/\/www.arvanwebdesign.fr\/sovedatboutique\/wp-json\/wp\/v2\/media\/1899"}],"wp:attachment":[{"href":"https:\/\/www.arvanwebdesign.fr\/sovedatboutique\/wp-json\/wp\/v2\/media?parent=1272"}],"wp:term":[{"taxonomy":"product_cat","embeddable":true,"href":"https:\/\/www.arvanwebdesign.fr\/sovedatboutique\/wp-json\/wp\/v2\/product_cat?post=1272"},{"taxonomy":"product_tag","embeddable":true,"href":"https:\/\/www.arvanwebdesign.fr\/sovedatboutique\/wp-json\/wp\/v2\/product_tag?post=1272"}],"curies":[{"name":"wp","href":"https:\/\/api.w.org\/{rel}","templated":true}]}}