{"id":991,"date":"2023-10-27T21:09:08","date_gmt":"2023-10-27T19:09:08","guid":{"rendered":"https:\/\/www.arvanwebdesign.fr\/sovedatboutique\/?post_type=product&#038;p=991"},"modified":"2024-06-12T00:01:35","modified_gmt":"2024-06-11T22:01:35","slug":"arturo","status":"publish","type":"product","link":"https:\/\/www.arvanwebdesign.fr\/sovedatboutique\/produit\/arturo\/","title":{"rendered":"Arturo"},"content":{"rendered":"<p>La bague \u00ab\u00a0Arturo\u00a0\u00bb incarne un \u00e9quilibre parfait entre la d\u00e9licatesse et l&rsquo;audace. Confectionn\u00e9e avec soin, elle met en valeur une symphonie de courbes raffin\u00e9es et de motifs subtils.<\/p>\n","protected":false},"excerpt":{"rendered":"<p>La bague \u00ab\u00a0Arturo\u00a0\u00bb incarne un \u00e9quilibre parfait entre la d\u00e9licatesse et l&rsquo;audace. Confectionn\u00e9e avec soin, elle met en valeur une symphonie de courbes raffin\u00e9es et de motifs subtils.<\/p>\n","protected":false},"featured_media":1874,"template":"","meta":{"_et_pb_use_builder":"","_et_pb_old_content":"","_et_gb_content_width":"","site-sidebar-layout":"default","site-content-layout":"","ast-site-content-layout":"default","site-content-style":"default","site-sidebar-style":"default","ast-global-header-display":"","ast-banner-title-visibility":"","ast-main-header-display":"","ast-hfb-above-header-display":"","ast-hfb-below-header-display":"","ast-hfb-mobile-header-display":"","site-post-title":"","ast-breadcrumbs-content":"","ast-featured-img":"","footer-sml-layout":"","theme-transparent-header-meta":"default","adv-header-id-meta":"","stick-header-meta":"","header-above-stick-meta":"","header-main-stick-meta":"","header-below-stick-meta":"","astra-migrate-meta-layouts":"set","ast-page-background-enabled":"default","ast-page-background-meta":{"desktop":{"background-color":"var(--ast-global-color-4)","background-image":"","background-repeat":"repeat","background-position":"center center","background-size":"auto","background-attachment":"scroll","background-type":"","background-media":"","overlay-type":"","overlay-color":"","overlay-gradient":""},"tablet":{"background-color":"","background-image":"","background-repeat":"repeat","background-position":"center center","background-size":"auto","background-attachment":"scroll","background-type":"","background-media":"","overlay-type":"","overlay-color":"","overlay-gradient":""},"mobile":{"background-color":"","background-image":"","background-repeat":"repeat","background-position":"center center","background-size":"auto","background-attachment":"scroll","background-type":"","background-media":"","overlay-type":"","overlay-color":"","overlay-gradient":""}},"ast-content-background-meta":{"desktop":{"background-color":"var(--ast-global-color-5)","background-image":"","background-repeat":"repeat","background-position":"center center","background-size":"auto","background-attachment":"scroll","background-type":"","background-media":"","overlay-type":"","overlay-color":"","overlay-gradient":""},"tablet":{"background-color":"var(--ast-global-color-5)","background-image":"","background-repeat":"repeat","background-position":"center center","background-size":"auto","background-attachment":"scroll","background-type":"","background-media":"","overlay-type":"","overlay-color":"","overlay-gradient":""},"mobile":{"background-color":"var(--ast-global-color-5)","background-image":"","background-repeat":"repeat","background-position":"center center","background-size":"auto","background-attachment":"scroll","background-type":"","background-media":"","overlay-type":"","overlay-color":"","overlay-gradient":""}},"jetpack_post_was_ever_published":false},"product_cat":[30,25,34],"product_tag":[],"class_list":{"0":"post-991","1":"product","2":"type-product","3":"status-publish","4":"has-post-thumbnail","6":"product_cat-bagues-homme","7":"product_cat-homme","8":"product_cat-nos-produits","9":"desktop-align-left","10":"tablet-align-left","11":"mobile-align-left","13":"first","14":"instock","15":"taxable","16":"shipping-taxable","17":"purchasable","18":"product-type-variable","19":"has-default-attributes","20":"add-to-wishlist-before_image"},"yoast_head":"<!-- This site is optimized with the Yoast SEO plugin v22.6 - https:\/\/yoast.com\/wordpress\/plugins\/seo\/ -->\n<title>Arturo - Sov\u00e9dat<\/title>\n<meta name=\"robots\" content=\"noindex, follow, max-snippet:-1, max-image-preview:large, max-video-preview:-1\" \/>\n<meta property=\"og:locale\" content=\"fr_FR\" \/>\n<meta property=\"og:type\" content=\"article\" \/>\n<meta property=\"og:title\" content=\"Arturo - Sov\u00e9dat\" \/>\n<meta property=\"og:description\" content=\"La bague &quot;Arturo&quot; incarne un \u00e9quilibre parfait entre la d\u00e9licatesse et l&#039;audace. Confectionn\u00e9e avec soin, elle met en valeur une symphonie de courbes raffin\u00e9es et de motifs subtils.\" \/>\n<meta property=\"og:url\" content=\"https:\/\/www.arvanwebdesign.fr\/sovedatboutique\/produit\/arturo\/\" \/>\n<meta property=\"og:site_name\" content=\"Sov\u00e9dat\" \/>\n<meta property=\"article:modified_time\" content=\"2024-06-11T22:01:35+00:00\" \/>\n<meta property=\"og:image\" content=\"https:\/\/www.arvanwebdesign.fr\/sovedatboutique\/wp-content\/uploads\/2023\/10\/Bague-Arturo-1-1.png\" \/>\n\t<meta property=\"og:image:width\" content=\"1000\" \/>\n\t<meta property=\"og:image:height\" content=\"878\" \/>\n\t<meta property=\"og:image:type\" content=\"image\/png\" \/>\n<meta name=\"twitter:card\" content=\"summary_large_image\" \/>\n<meta name=\"twitter:label1\" content=\"Dur\u00e9e de lecture estim\u00e9e\" \/>\n\t<meta name=\"twitter:data1\" content=\"1 minute\" \/>\n<script type=\"application\/ld+json\" class=\"yoast-schema-graph\">{\"@context\":\"https:\/\/schema.org\",\"@graph\":[{\"@type\":\"WebPage\",\"@id\":\"https:\/\/www.arvanwebdesign.fr\/sovedatboutique\/produit\/arturo\/\",\"url\":\"https:\/\/www.arvanwebdesign.fr\/sovedatboutique\/produit\/arturo\/\",\"name\":\"Arturo - Sov\u00e9dat\",\"isPartOf\":{\"@id\":\"https:\/\/www.arvanwebdesign.fr\/sovedatboutique\/#website\"},\"primaryImageOfPage\":{\"@id\":\"https:\/\/www.arvanwebdesign.fr\/sovedatboutique\/produit\/arturo\/#primaryimage\"},\"image\":{\"@id\":\"https:\/\/www.arvanwebdesign.fr\/sovedatboutique\/produit\/arturo\/#primaryimage\"},\"thumbnailUrl\":\"https:\/\/www.arvanwebdesign.fr\/sovedatboutique\/wp-content\/uploads\/2023\/10\/Bague-Arturo-1-1.png\",\"datePublished\":\"2023-10-27T19:09:08+00:00\",\"dateModified\":\"2024-06-11T22:01:35+00:00\",\"breadcrumb\":{\"@id\":\"https:\/\/www.arvanwebdesign.fr\/sovedatboutique\/produit\/arturo\/#breadcrumb\"},\"inLanguage\":\"fr-FR\",\"potentialAction\":[{\"@type\":\"ReadAction\",\"target\":[\"https:\/\/www.arvanwebdesign.fr\/sovedatboutique\/produit\/arturo\/\"]}]},{\"@type\":\"ImageObject\",\"inLanguage\":\"fr-FR\",\"@id\":\"https:\/\/www.arvanwebdesign.fr\/sovedatboutique\/produit\/arturo\/#primaryimage\",\"url\":\"https:\/\/www.arvanwebdesign.fr\/sovedatboutique\/wp-content\/uploads\/2023\/10\/Bague-Arturo-1-1.png\",\"contentUrl\":\"https:\/\/www.arvanwebdesign.fr\/sovedatboutique\/wp-content\/uploads\/2023\/10\/Bague-Arturo-1-1.png\",\"width\":1000,\"height\":878,\"caption\":\"Bague homme\"},{\"@type\":\"BreadcrumbList\",\"@id\":\"https:\/\/www.arvanwebdesign.fr\/sovedatboutique\/produit\/arturo\/#breadcrumb\",\"itemListElement\":[{\"@type\":\"ListItem\",\"position\":1,\"name\":\"Accueil\",\"item\":\"https:\/\/www.arvanwebdesign.fr\/sovedatboutique\/\"},{\"@type\":\"ListItem\",\"position\":2,\"name\":\"Produits\",\"item\":\"https:\/\/www.arvanwebdesign.fr\/sovedatboutique\/boutique\/\"},{\"@type\":\"ListItem\",\"position\":3,\"name\":\"Arturo\"}]},{\"@type\":\"WebSite\",\"@id\":\"https:\/\/www.arvanwebdesign.fr\/sovedatboutique\/#website\",\"url\":\"https:\/\/www.arvanwebdesign.fr\/sovedatboutique\/\",\"name\":\"Sov\u00e9dat\",\"description\":\"\",\"publisher\":{\"@id\":\"https:\/\/www.arvanwebdesign.fr\/sovedatboutique\/#organization\"},\"potentialAction\":[{\"@type\":\"SearchAction\",\"target\":{\"@type\":\"EntryPoint\",\"urlTemplate\":\"https:\/\/www.arvanwebdesign.fr\/sovedatboutique\/?s={search_term_string}\"},\"query-input\":\"required name=search_term_string\"}],\"inLanguage\":\"fr-FR\"},{\"@type\":\"Organization\",\"@id\":\"https:\/\/www.arvanwebdesign.fr\/sovedatboutique\/#organization\",\"name\":\"Sov\u00e9dat\",\"url\":\"https:\/\/www.arvanwebdesign.fr\/sovedatboutique\/\",\"logo\":{\"@type\":\"ImageObject\",\"inLanguage\":\"fr-FR\",\"@id\":\"https:\/\/www.arvanwebdesign.fr\/sovedatboutique\/#\/schema\/logo\/image\/\",\"url\":\"https:\/\/www.arvanwebdesign.fr\/sovedatboutique\/wp-content\/uploads\/2023\/10\/cropped-logo-SOVEDAT-blanc.png\",\"contentUrl\":\"https:\/\/www.arvanwebdesign.fr\/sovedatboutique\/wp-content\/uploads\/2023\/10\/cropped-logo-SOVEDAT-blanc.png\",\"width\":377,\"height\":63,\"caption\":\"Sov\u00e9dat\"},\"image\":{\"@id\":\"https:\/\/www.arvanwebdesign.fr\/sovedatboutique\/#\/schema\/logo\/image\/\"}}]}<\/script>\n<!-- \/ Yoast SEO plugin. -->","yoast_head_json":{"title":"Arturo - Sov\u00e9dat","robots":{"index":"noindex","follow":"follow","max-snippet":"max-snippet:-1","max-image-preview":"max-image-preview:large","max-video-preview":"max-video-preview:-1"},"og_locale":"fr_FR","og_type":"article","og_title":"Arturo - Sov\u00e9dat","og_description":"La bague \"Arturo\" incarne un \u00e9quilibre parfait entre la d\u00e9licatesse et l'audace. Confectionn\u00e9e avec soin, elle met en valeur une symphonie de courbes raffin\u00e9es et de motifs subtils.","og_url":"https:\/\/www.arvanwebdesign.fr\/sovedatboutique\/produit\/arturo\/","og_site_name":"Sov\u00e9dat","article_modified_time":"2024-06-11T22:01:35+00:00","og_image":[{"width":1000,"height":878,"url":"https:\/\/www.arvanwebdesign.fr\/sovedatboutique\/wp-content\/uploads\/2023\/10\/Bague-Arturo-1-1.png","type":"image\/png"}],"twitter_card":"summary_large_image","twitter_misc":{"Dur\u00e9e de lecture estim\u00e9e":"1 minute"},"schema":{"@context":"https:\/\/schema.org","@graph":[{"@type":"WebPage","@id":"https:\/\/www.arvanwebdesign.fr\/sovedatboutique\/produit\/arturo\/","url":"https:\/\/www.arvanwebdesign.fr\/sovedatboutique\/produit\/arturo\/","name":"Arturo - Sov\u00e9dat","isPartOf":{"@id":"https:\/\/www.arvanwebdesign.fr\/sovedatboutique\/#website"},"primaryImageOfPage":{"@id":"https:\/\/www.arvanwebdesign.fr\/sovedatboutique\/produit\/arturo\/#primaryimage"},"image":{"@id":"https:\/\/www.arvanwebdesign.fr\/sovedatboutique\/produit\/arturo\/#primaryimage"},"thumbnailUrl":"https:\/\/www.arvanwebdesign.fr\/sovedatboutique\/wp-content\/uploads\/2023\/10\/Bague-Arturo-1-1.png","datePublished":"2023-10-27T19:09:08+00:00","dateModified":"2024-06-11T22:01:35+00:00","breadcrumb":{"@id":"https:\/\/www.arvanwebdesign.fr\/sovedatboutique\/produit\/arturo\/#breadcrumb"},"inLanguage":"fr-FR","potentialAction":[{"@type":"ReadAction","target":["https:\/\/www.arvanwebdesign.fr\/sovedatboutique\/produit\/arturo\/"]}]},{"@type":"ImageObject","inLanguage":"fr-FR","@id":"https:\/\/www.arvanwebdesign.fr\/sovedatboutique\/produit\/arturo\/#primaryimage","url":"https:\/\/www.arvanwebdesign.fr\/sovedatboutique\/wp-content\/uploads\/2023\/10\/Bague-Arturo-1-1.png","contentUrl":"https:\/\/www.arvanwebdesign.fr\/sovedatboutique\/wp-content\/uploads\/2023\/10\/Bague-Arturo-1-1.png","width":1000,"height":878,"caption":"Bague homme"},{"@type":"BreadcrumbList","@id":"https:\/\/www.arvanwebdesign.fr\/sovedatboutique\/produit\/arturo\/#breadcrumb","itemListElement":[{"@type":"ListItem","position":1,"name":"Accueil","item":"https:\/\/www.arvanwebdesign.fr\/sovedatboutique\/"},{"@type":"ListItem","position":2,"name":"Produits","item":"https:\/\/www.arvanwebdesign.fr\/sovedatboutique\/boutique\/"},{"@type":"ListItem","position":3,"name":"Arturo"}]},{"@type":"WebSite","@id":"https:\/\/www.arvanwebdesign.fr\/sovedatboutique\/#website","url":"https:\/\/www.arvanwebdesign.fr\/sovedatboutique\/","name":"Sov\u00e9dat","description":"","publisher":{"@id":"https:\/\/www.arvanwebdesign.fr\/sovedatboutique\/#organization"},"potentialAction":[{"@type":"SearchAction","target":{"@type":"EntryPoint","urlTemplate":"https:\/\/www.arvanwebdesign.fr\/sovedatboutique\/?s={search_term_string}"},"query-input":"required name=search_term_string"}],"inLanguage":"fr-FR"},{"@type":"Organization","@id":"https:\/\/www.arvanwebdesign.fr\/sovedatboutique\/#organization","name":"Sov\u00e9dat","url":"https:\/\/www.arvanwebdesign.fr\/sovedatboutique\/","logo":{"@type":"ImageObject","inLanguage":"fr-FR","@id":"https:\/\/www.arvanwebdesign.fr\/sovedatboutique\/#\/schema\/logo\/image\/","url":"https:\/\/www.arvanwebdesign.fr\/sovedatboutique\/wp-content\/uploads\/2023\/10\/cropped-logo-SOVEDAT-blanc.png","contentUrl":"https:\/\/www.arvanwebdesign.fr\/sovedatboutique\/wp-content\/uploads\/2023\/10\/cropped-logo-SOVEDAT-blanc.png","width":377,"height":63,"caption":"Sov\u00e9dat"},"image":{"@id":"https:\/\/www.arvanwebdesign.fr\/sovedatboutique\/#\/schema\/logo\/image\/"}}]}},"jetpack_sharing_enabled":true,"_links":{"self":[{"href":"https:\/\/www.arvanwebdesign.fr\/sovedatboutique\/wp-json\/wp\/v2\/product\/991","targetHints":{"allow":["GET"]}}],"collection":[{"href":"https:\/\/www.arvanwebdesign.fr\/sovedatboutique\/wp-json\/wp\/v2\/product"}],"about":[{"href":"https:\/\/www.arvanwebdesign.fr\/sovedatboutique\/wp-json\/wp\/v2\/types\/product"}],"wp:featuredmedia":[{"embeddable":true,"href":"https:\/\/www.arvanwebdesign.fr\/sovedatboutique\/wp-json\/wp\/v2\/media\/1874"}],"wp:attachment":[{"href":"https:\/\/www.arvanwebdesign.fr\/sovedatboutique\/wp-json\/wp\/v2\/media?parent=991"}],"wp:term":[{"taxonomy":"product_cat","embeddable":true,"href":"https:\/\/www.arvanwebdesign.fr\/sovedatboutique\/wp-json\/wp\/v2\/product_cat?post=991"},{"taxonomy":"product_tag","embeddable":true,"href":"https:\/\/www.arvanwebdesign.fr\/sovedatboutique\/wp-json\/wp\/v2\/product_tag?post=991"}],"curies":[{"name":"wp","href":"https:\/\/api.w.org\/{rel}","templated":true}]}}